{"id":2844,"date":"2019-02-15T13:05:29","date_gmt":"2019-02-15T12:05:29","guid":{"rendered":"http:\/\/p502347.webspaceconfig.de\/aktivitaeten\/"},"modified":"2023-02-16T11:36:24","modified_gmt":"2023-02-16T10:36:24","slug":"aktivitaeten","status":"publish","type":"page","link":"https:\/\/www.villacasaripi.it\/de\/aktivitaeten\/","title":{"rendered":"Aktivit\u00e4ten"},"content":{"rendered":"<p>[et_pb_section fb_built=&#8220;1&#8243; custom_padding_last_edited=&#8220;off|phone&#8220; _builder_version=&#8220;3.22&#8243; background_color=&#8220;#ededee&#8220; custom_margin=&#8220;||0px|&#8220; custom_padding=&#8220;||0px|&#8220;][et_pb_row module_class=&#8220;au-header&#8220; _builder_version=&#8220;3.25&#8243;][et_pb_column type=&#8220;4_4&#8243; _builder_version=&#8220;3.0.47&#8243; custom_padding=&#8220;|||&#8220; custom_padding__hover=&#8220;|||&#8220;][et_pb_slider module_class=&#8220;ripi-header&#8220; _builder_version=&#8220;3.19.18&#8243;][et_pb_slide heading=&#8220;Florenz&#8220; use_bg_overlay=&#8220;on&#8220; bg_overlay_color=&#8220;rgba(0,0,0,0.2)&#8220; use_text_overlay=&#8220;off&#8220; _builder_version=&#8220;3.19.18&#8243; header_font=&#8220;Glober|||on|||||&#8220; header_letter_spacing=&#8220;4px&#8220; background_image=&#8220;https:\/\/www.villacasaripi.it\/wp-content\/uploads\/2019\/02\/Ferienhaus_Toscana_villacasaripi_firenze.jpg&#8220; background_position=&#8220;top_center&#8220; button_on_hover=&#8220;on&#8220; header_letter_spacing_tablet=&#8220;4px&#8220; header_letter_spacing_phone=&#8220;4px&#8220; sticky_transition=&#8220;on&#8220;][\/et_pb_slide][et_pb_slide heading=&#8220;Siena&#8220; use_bg_overlay=&#8220;on&#8220; bg_overlay_color=&#8220;rgba(0,0,0,0.2)&#8220; use_text_overlay=&#8220;off&#8220; _builder_version=&#8220;3.19.18&#8243; header_font=&#8220;Glober|||on|||||&#8220; header_letter_spacing=&#8220;4px&#8220; background_image=&#8220;https:\/\/www.villacasaripi.it\/wp-content\/uploads\/2019\/02\/Ferienhaus_Toscana_villacasaripi_siena_1.jpg&#8220; button_on_hover=&#8220;on&#8220; header_letter_spacing_tablet=&#8220;4px&#8220; header_letter_spacing_phone=&#8220;4px&#8220; sticky_transition=&#8220;on&#8220;][\/et_pb_slide][et_pb_slide heading=&#8220;Volterra&#8220; use_bg_overlay=&#8220;on&#8220; bg_overlay_color=&#8220;rgba(0,0,0,0.2)&#8220; use_text_overlay=&#8220;off&#8220; _builder_version=&#8220;3.19.18&#8243; header_font=&#8220;Glober|||on|||||&#8220; header_letter_spacing=&#8220;4px&#8220; background_image=&#8220;https:\/\/www.villacasaripi.it\/wp-content\/uploads\/2019\/02\/Ferienhaus_Toscana_villacasaripi_volterra.jpg&#8220; button_on_hover=&#8220;on&#8220; header_letter_spacing_tablet=&#8220;4px&#8220; header_letter_spacing_phone=&#8220;4px&#8220; sticky_transition=&#8220;on&#8220;][\/et_pb_slide][et_pb_slide heading=&#8220;San Gimignano&#8220; use_bg_overlay=&#8220;on&#8220; bg_overlay_color=&#8220;rgba(0,0,0,0.2)&#8220; use_text_overlay=&#8220;off&#8220; _builder_version=&#8220;3.19.18&#8243; header_font=&#8220;Glober|||on|||||&#8220; header_letter_spacing=&#8220;4px&#8220; background_image=&#8220;https:\/\/www.villacasaripi.it\/wp-content\/uploads\/2019\/02\/Ferienhaus_Toscana_villacasaripi_san_gimignano.jpg&#8220; button_on_hover=&#8220;on&#8220; header_letter_spacing_tablet=&#8220;4px&#8220; header_letter_spacing_phone=&#8220;4px&#8220; sticky_transition=&#8220;on&#8220;][\/et_pb_slide][et_pb_slide heading=&#8220;Die Br\u00fccke der Pia&#8220; use_bg_overlay=&#8220;on&#8220; bg_overlay_color=&#8220;rgba(0,0,0,0.2)&#8220; use_text_overlay=&#8220;off&#8220; _builder_version=&#8220;3.19.18&#8243; header_font=&#8220;Glober|||on|||||&#8220; header_letter_spacing=&#8220;4px&#8220; background_image=&#8220;https:\/\/www.villacasaripi.it\/wp-content\/uploads\/2019\/02\/Ferienhaus_Toscana_villacasaripi_ponte_della_pia.jpg&#8220; button_on_hover=&#8220;on&#8220; header_letter_spacing_tablet=&#8220;4px&#8220; header_letter_spacing_phone=&#8220;4px&#8220; sticky_transition=&#8220;on&#8220;][\/et_pb_slide][et_pb_slide heading=&#8220;Massa Marittima&#8220; use_bg_overlay=&#8220;on&#8220; bg_overlay_color=&#8220;rgba(0,0,0,0.2)&#8220; use_text_overlay=&#8220;off&#8220; _builder_version=&#8220;3.19.18&#8243; header_font=&#8220;Glober|||on|||||&#8220; header_letter_spacing=&#8220;4px&#8220; background_image=&#8220;https:\/\/www.villacasaripi.it\/wp-content\/uploads\/2019\/02\/Ferienhaus_Toscana_villacasaripi_massa_marittima.jpg&#8220; button_on_hover=&#8220;on&#8220; header_letter_spacing_tablet=&#8220;4px&#8220; header_letter_spacing_phone=&#8220;4px&#8220; sticky_transition=&#8220;on&#8220;][\/et_pb_slide][et_pb_slide heading=&#8220;San Galgano&#8220; use_bg_overlay=&#8220;on&#8220; bg_overlay_color=&#8220;rgba(0,0,0,0.2)&#8220; use_text_overlay=&#8220;off&#8220; _builder_version=&#8220;3.19.18&#8243; header_font=&#8220;Glober|||on|||||&#8220; header_letter_spacing=&#8220;4px&#8220; background_image=&#8220;https:\/\/www.villacasaripi.it\/wp-content\/uploads\/2019\/02\/Ferienhaus_Toscana_villacasaripi_san_galgano.jpg&#8220; button_on_hover=&#8220;on&#8220; header_letter_spacing_tablet=&#8220;4px&#8220; header_letter_spacing_phone=&#8220;4px&#8220; sticky_transition=&#8220;on&#8220;][\/et_pb_slide][et_pb_slide heading=&#8220;Die Thermen von Petriolo&#8220; use_bg_overlay=&#8220;on&#8220; bg_overlay_color=&#8220;rgba(0,0,0,0.2)&#8220; use_text_overlay=&#8220;off&#8220; _builder_version=&#8220;3.19.18&#8243; header_font=&#8220;Glober|||on|||||&#8220; header_letter_spacing=&#8220;4px&#8220; background_image=&#8220;https:\/\/www.villacasaripi.it\/wp-content\/uploads\/2019\/02\/Ferienhaus_Toscana_villacasaripi_terme_di_petriolo.jpg&#8220; button_on_hover=&#8220;on&#8220; header_letter_spacing_tablet=&#8220;4px&#8220; header_letter_spacing_phone=&#8220;4px&#8220; sticky_transition=&#8220;on&#8220;][\/et_pb_slide][et_pb_slide heading=&#8220;Die K\u00fcste&#8220; use_bg_overlay=&#8220;on&#8220; bg_overlay_color=&#8220;rgba(0,0,0,0.2)&#8220; use_text_overlay=&#8220;off&#8220; _builder_version=&#8220;3.19.18&#8243; header_font=&#8220;Glober|||on|||||&#8220; header_letter_spacing=&#8220;4px&#8220; background_image=&#8220;https:\/\/www.villacasaripi.it\/wp-content\/uploads\/2019\/02\/Ferienhaus_Toscana_villacasaripi_cala_violina.jpg&#8220; button_on_hover=&#8220;on&#8220; header_letter_spacing_tablet=&#8220;4px&#8220; header_letter_spacing_phone=&#8220;4px&#8220; sticky_transition=&#8220;on&#8220;][\/et_pb_slide][\/et_pb_slider][\/et_pb_column][\/et_pb_row][\/et_pb_section][et_pb_section fb_built=&#8220;1&#8243; _builder_version=&#8220;3.22&#8243; background_color=&#8220;#ededee&#8220;][et_pb_row _builder_version=&#8220;3.25&#8243; background_size=&#8220;initial&#8220; background_position=&#8220;top_left&#8220; background_repeat=&#8220;repeat&#8220;][et_pb_column type=&#8220;4_4&#8243; _builder_version=&#8220;3.0.47&#8243; custom_padding=&#8220;|||&#8220; custom_padding__hover=&#8220;|||&#8220;][et_pb_text admin_label=&#8220;Serif Title&#8220; module_class=&#8220;au-serif-tit&#8220; _builder_version=&#8220;3.27.4&#8243; text_font=&#8220;Glober||||||||&#8220; text_letter_spacing=&#8220;1px&#8220; header_font=&#8220;Glober|||on|||||&#8220; header_text_align=&#8220;center&#8220; header_text_color=&#8220;#8a5a26&#8243; header_font_size=&#8220;25px&#8220; header_letter_spacing=&#8220;6px&#8220; text_orientation=&#8220;center&#8220; max_width=&#8220;60%&#8220; max_width_tablet=&#8220;100%&#8220; max_width_phone=&#8220;&#8220; max_width_last_edited=&#8220;on|tablet&#8220; module_alignment=&#8220;center&#8220; custom_margin=&#8220;-20px|||&#8220;]<\/p>\n<h1>Radicondoli &amp; Umgebung<\/h1>\n<hr>\n<p>[\/et_pb_text][et_pb_text _builder_version=&#8220;3.27.4&#8243; header_text_align=&#8220;center&#8220; text_orientation=&#8220;center&#8220;]<\/p>\n<p>\nDurch unsere Freunde und Partner, sind wir stolz Ihnen verschiedene Freizeitaktivit\u00e4ten vorschlagen zu k\u00f6nnen. Bei Interesse geben wir Ihnen gerne genauere Informationen. Einfach bei Buchung oder hier vor Ort bei Ihrer Anreise die Eigent\u00fcmerin Cristiana fragen!<\/p>\n<p>[\/et_pb_text][\/et_pb_column][\/et_pb_row][\/et_pb_section][et_pb_section fb_built=&#8220;1&#8243; module_class=&#8220;au-header&#8220; _builder_version=&#8220;3.22&#8243; background_color=&#8220;#ededee&#8220; custom_padding=&#8220;0px|||&#8220;][et_pb_row column_structure=&#8220;1_2,1_2&#8243; use_custom_gutter=&#8220;on&#8220; gutter_width=&#8220;1&#8243; make_equal=&#8220;on&#8220; module_class=&#8220;au-header&#8220; _builder_version=&#8220;3.25&#8243; background_color=&#8220;#ffffff&#8220; custom_padding=&#8220;0px||0px|&#8220;][et_pb_column type=&#8220;1_2&#8243; _builder_version=&#8220;3.25&#8243; background_image=&#8220;https:\/\/www.villacasaripi.it\/wp-content\/uploads\/2019\/02\/villacasaripi_Ferienhaus_Toskana_Reitstunden.jpg&#8220; background_position=&#8220;top_right&#8220; custom_padding=&#8220;|||&#8220; custom_padding__hover=&#8220;|||&#8220;][et_pb_divider show_divider=&#8220;off&#8220; disabled_on=&#8220;||on&#8220; _builder_version=&#8220;3.19.14&#8243; height=&#8220;0px&#8220; custom_padding=&#8220;400px|||&#8220; custom_padding_tablet=&#8220;&#8220; custom_padding_phone=&#8220;&#8220; custom_padding_last_edited=&#8220;on|phone&#8220;][\/et_pb_divider][\/et_pb_column][et_pb_column type=&#8220;1_2&#8243; module_class=&#8220;au-vertical-align&#8220; _builder_version=&#8220;3.25&#8243; custom_padding=&#8220;|||&#8220; custom_padding__hover=&#8220;|||&#8220;][et_pb_text admin_label=&#8220;text&#8220; _builder_version=&#8220;4.9.2&#8243; text_text_color=&#8220;#8a5a26&#8243; header_3_font=&#8220;Glober|||on|||||&#8220; header_3_text_color=&#8220;#8a5a26&#8243; header_3_font_size=&#8220;25px&#8220; header_3_letter_spacing=&#8220;4px&#8220; text_orientation=&#8220;center&#8220; custom_padding=&#8220;20%|8%|20%|8%&#8220;]<\/p>\n<h2 class=\"au-text-title\">Reitkurse und Ausritte<\/h2>\n<hr>\n<p>Reitstunden nehmen in einem der sch\u00f6nsten Pferdeh\u00f6fe der Gegend oder Abenteuer-Ausritte erleben.<\/p>\n<p>[\/et_pb_text][\/et_pb_column][\/et_pb_row][et_pb_row column_structure=&#8220;1_2,1_2&#8243; use_custom_gutter=&#8220;on&#8220; gutter_width=&#8220;1&#8243; make_equal=&#8220;on&#8220; disabled_on=&#8220;off|off|off&#8220; module_class=&#8220;au-header au-flip-mobile&#8220; _builder_version=&#8220;3.25&#8243; background_color=&#8220;#ffffff&#8220; custom_padding=&#8220;0px||0px|&#8220;][et_pb_column type=&#8220;1_2&#8243; module_class=&#8220;au-vertical-align&#8220; _builder_version=&#8220;3.25&#8243; custom_padding=&#8220;|||&#8220; custom_padding__hover=&#8220;|||&#8220;][et_pb_text admin_label=&#8220;text&#8220; _builder_version=&#8220;3.27.4&#8243; text_text_color=&#8220;#8a5a26&#8243; header_3_font=&#8220;Glober|||on|||||&#8220; header_3_text_color=&#8220;#8a5a26&#8243; header_3_font_size=&#8220;25px&#8220; header_3_letter_spacing=&#8220;4px&#8220; text_orientation=&#8220;center&#8220; custom_padding=&#8220;20%|8%|20%|8%&#8220;]<\/p>\n<h2 class=\"au-text-title\">T\u00f6pfer- &#038; Malkurse<\/h2>\n<hr>\n<p>Endlich mal die eigene kreative Ader ausleben und dabei lernen. F\u00fcr Kinder und Erwachsene.<\/p>\n<p>[\/et_pb_text][\/et_pb_column][et_pb_column type=&#8220;1_2&#8243; _builder_version=&#8220;3.25&#8243; background_image=&#8220;https:\/\/www.villacasaripi.it\/wp-content\/uploads\/2019\/02\/villacasaripi_Ferienhaus_Toskana_Malkurse.jpg&#8220; custom_padding=&#8220;|||&#8220; custom_padding__hover=&#8220;|||&#8220;][et_pb_divider show_divider=&#8220;off&#8220; disabled_on=&#8220;||on&#8220; _builder_version=&#8220;3.18.7&#8243; height=&#8220;0px&#8220; custom_padding=&#8220;400px|||&#8220; custom_padding_tablet=&#8220;&#8220; custom_padding_phone=&#8220;&#8220; custom_padding_last_edited=&#8220;on|phone&#8220;][\/et_pb_divider][\/et_pb_column][\/et_pb_row][et_pb_row column_structure=&#8220;1_2,1_2&#8243; use_custom_gutter=&#8220;on&#8220; gutter_width=&#8220;1&#8243; make_equal=&#8220;on&#8220; module_class=&#8220;au-header&#8220; _builder_version=&#8220;3.25&#8243; background_color=&#8220;#ffffff&#8220; custom_padding=&#8220;0px||0px|&#8220;][et_pb_column type=&#8220;1_2&#8243; _builder_version=&#8220;3.25&#8243; background_image=&#8220;https:\/\/www.villacasaripi.it\/wp-content\/uploads\/2019\/02\/villacasaripi_Ferienhaus_Toskana_das_palio.jpg&#8220; custom_padding=&#8220;|||&#8220; custom_padding__hover=&#8220;|||&#8220;][et_pb_divider show_divider=&#8220;off&#8220; disabled_on=&#8220;||on&#8220; _builder_version=&#8220;3.18.7&#8243; height=&#8220;0px&#8220; custom_padding=&#8220;400px|||&#8220; custom_padding_tablet=&#8220;&#8220; custom_padding_phone=&#8220;&#8220; custom_padding_last_edited=&#8220;on|phone&#8220;][\/et_pb_divider][\/et_pb_column][et_pb_column type=&#8220;1_2&#8243; module_class=&#8220;au-vertical-align&#8220; _builder_version=&#8220;3.25&#8243; custom_padding=&#8220;|||&#8220; custom_padding__hover=&#8220;|||&#8220;][et_pb_text admin_label=&#8220;text&#8220; _builder_version=&#8220;3.27.4&#8243; text_text_color=&#8220;#8a5a26&#8243; header_3_font=&#8220;Glober|||on|||||&#8220; header_3_text_color=&#8220;#8a5a26&#8243; header_3_font_size=&#8220;25px&#8220; header_3_letter_spacing=&#8220;4px&#8220; text_orientation=&#8220;center&#8220; custom_padding=&#8220;20%|8%|20%|8%&#8220;]<\/p>\n<h2 class=\"au-text-title\">Das Palio von Siena \u2013 Spezial<\/h2>\n<hr>\n<p>Das historische Pferderennen und davor die Proberennen hautnah erleben, inkl. Abendessen in einer Contrada.<\/p>\n<p>[\/et_pb_text][\/et_pb_column][\/et_pb_row][et_pb_row column_structure=&#8220;1_2,1_2&#8243; use_custom_gutter=&#8220;on&#8220; gutter_width=&#8220;1&#8243; make_equal=&#8220;on&#8220; disabled_on=&#8220;off|off|&#8220; module_class=&#8220;au-header au-flip-mobile&#8220; _builder_version=&#8220;3.25&#8243; background_color=&#8220;#ffffff&#8220; custom_padding=&#8220;0px||0px|&#8220;][et_pb_column type=&#8220;1_2&#8243; module_class=&#8220;au-vertical-align&#8220; _builder_version=&#8220;3.25&#8243; custom_padding=&#8220;|||&#8220; custom_padding__hover=&#8220;|||&#8220;][et_pb_text admin_label=&#8220;text&#8220; _builder_version=&#8220;3.27.4&#8243; text_text_color=&#8220;#8a5a26&#8243; header_3_font=&#8220;Glober|||on|||||&#8220; header_3_text_color=&#8220;#8a5a26&#8243; header_3_font_size=&#8220;25px&#8220; header_3_letter_spacing=&#8220;4px&#8220; text_orientation=&#8220;center&#8220; custom_padding=&#8220;20%|8%|20%|8%&#8220;]<\/p>\n<h2 class=\"au-text-title\">Vespa, Mountainbike &#038; E-Bike Vermietung<\/h2>\n<hr>\n<p>Vor Ort eine Vespa, MTB oder E-Bike zur Miete suchen? Gippo bringt Ihnen diese direkt ins Casa Ripi!<\/p>\n<p><strong>Unsere G\u00e4ste bekommen 10% Rabatt auf einen w\u00f6chentlichen Verleih<\/strong><\/p>\n<p>[\/et_pb_text][\/et_pb_column][et_pb_column type=&#8220;1_2&#8243; _builder_version=&#8220;3.25&#8243; background_image=&#8220;https:\/\/www.villacasaripi.it\/wp-content\/uploads\/2019\/02\/villacasaripi_Ferienhaus_Toskana_Vespa_Mountainbike-_Bike_Vermietung.jpg&#8220; custom_padding=&#8220;|||&#8220; custom_padding__hover=&#8220;|||&#8220;][et_pb_divider show_divider=&#8220;off&#8220; disabled_on=&#8220;||on&#8220; _builder_version=&#8220;3.18.7&#8243; height=&#8220;0px&#8220; custom_padding=&#8220;400px|||&#8220; custom_padding_tablet=&#8220;&#8220; custom_padding_phone=&#8220;&#8220; custom_padding_last_edited=&#8220;on|phone&#8220;][\/et_pb_divider][\/et_pb_column][\/et_pb_row][et_pb_row column_structure=&#8220;1_2,1_2&#8243; use_custom_gutter=&#8220;on&#8220; gutter_width=&#8220;1&#8243; make_equal=&#8220;on&#8220; module_class=&#8220;au-header&#8220; _builder_version=&#8220;3.25&#8243; background_color=&#8220;#ffffff&#8220; custom_padding=&#8220;0px||0px|&#8220;][et_pb_column type=&#8220;1_2&#8243; _builder_version=&#8220;3.25&#8243; background_image=&#8220;https:\/\/www.villacasaripi.it\/wp-content\/uploads\/2019\/02\/villacasaripi_Ferienhaus_Toskana_Trekkingtouren.jpg&#8220; custom_padding=&#8220;|||&#8220; custom_padding__hover=&#8220;|||&#8220;][et_pb_divider show_divider=&#8220;off&#8220; disabled_on=&#8220;||on&#8220; _builder_version=&#8220;3.18.7&#8243; height=&#8220;0px&#8220; custom_padding=&#8220;400px|||&#8220; custom_padding_tablet=&#8220;&#8220; custom_padding_phone=&#8220;&#8220; custom_padding_last_edited=&#8220;on|phone&#8220;][\/et_pb_divider][\/et_pb_column][et_pb_column type=&#8220;1_2&#8243; module_class=&#8220;au-vertical-align&#8220; _builder_version=&#8220;3.25&#8243; custom_padding=&#8220;|||&#8220; custom_padding__hover=&#8220;|||&#8220;][et_pb_text admin_label=&#8220;text&#8220; _builder_version=&#8220;3.27.4&#8243; text_text_color=&#8220;#8a5a26&#8243; header_3_font=&#8220;Glober|||on|||||&#8220; header_3_text_color=&#8220;#8a5a26&#8243; header_3_font_size=&#8220;25px&#8220; header_3_letter_spacing=&#8220;4px&#8220; text_orientation=&#8220;center&#8220; custom_padding=&#8220;20%|8%|20%|8%&#8220;]<\/p>\n<h2 class=\"au-text-title\">Fahrrad- und Trekkingtouren<\/h2>\n<hr>\n<p>Auf eigene Faust oder in der Gruppe&#8230;Fahrrad und Wanderpfade gibt es reichlich. Touren werden oft organisiert.<\/p>\n<p>[\/et_pb_text][\/et_pb_column][\/et_pb_row][\/et_pb_section][et_pb_section fb_built=&#8220;1&#8243; _builder_version=&#8220;3.22&#8243; background_color=&#8220;#ededee&#8220; global_module=&#8220;1871&#8243;][et_pb_row module_class=&#8220;au-header&#8220; _builder_version=&#8220;3.25&#8243;][et_pb_column type=&#8220;4_4&#8243; _builder_version=&#8220;3.25&#8243; custom_padding=&#8220;|||&#8220; custom_padding__hover=&#8220;|||&#8220;][et_pb_slider _builder_version=&#8220;4.5.7&#8243;][et_pb_slide button_text=&#8220;Kontaktieren Sie uns&#8220; button_link=&#8220;https:\/\/www.villacasaripi.it\/de\/kontakte\/&#8220; use_bg_overlay=&#8220;on&#8220; bg_overlay_color=&#8220;rgba(0,0,0,0.2)&#8220; use_text_overlay=&#8220;off&#8220; _builder_version=&#8220;4.5.7&#8243; body_font=&#8220;Glober||||||||&#8220; background_color=&#8220;rgba(0,0,0,0.3)&#8220; background_image=&#8220;https:\/\/www.villacasaripi.it\/wp-content\/uploads\/2018\/12\/foto-drone.jpg&#8220; background_blend=&#8220;overlay&#8220; background_video_mp4=&#8220;https:\/\/www.villacasaripi.it\/wp-content\/uploads\/2019\/02\/casa-ripi-aerial-view.mp4&#8243; background_video_webm=&#8220;https:\/\/www.villacasaripi.it\/wp-content\/uploads\/2019\/02\/casa-ripi-aerial-view.webm&#8220; button_on_hover=&#8220;on&#8220; body_font_size_tablet=&#8220;18px&#8220; body_font_size_phone=&#8220;18px&#8220; background__hover_enabled=&#8220;on&#8220; sticky_transition=&#8220;on&#8220;]<\/p>\n<p>Besuchen Sie einen der einzigartigsten Orte der Toskana.<br \/>\nRuhe, Entspannung, Geschichte und unvergleichliche Landschaften erwarten Sie.<\/p>\n<p>[\/et_pb_slide][\/et_pb_slider][\/et_pb_column][\/et_pb_row][\/et_pb_section]<\/p>\n","protected":false},"excerpt":{"rendered":"<p>Radicondoli &amp; Umgebung Durch unsere Freunde und Partner, sind wir stolz Ihnen verschiedene Freizeitaktivit\u00e4ten vorschlagen zu k\u00f6nnen. Bei Interesse geben wir Ihnen gerne genauere Informationen. Einfach bei Buchung oder hier vor Ort bei Ihrer Anreise die Eigent\u00fcmerin Cristiana fragen! Reitkurse und Ausritte Reitstunden nehmen in einem der sch\u00f6nsten Pferdeh\u00f6fe der Gegend oder Abenteuer-Ausritte erleben.T\u00f6pfer- &#038; [&hellip;]<\/p>\n","protected":false},"author":5,"featured_media":0,"parent":0,"menu_order":0,"comment_status":"closed","ping_status":"closed","template":"","meta":{"_et_pb_use_builder":"on","_et_pb_old_content":"","_et_gb_content_width":"","inline_featured_image":false,"footnotes":""},"class_list":["post-2844","page","type-page","status-publish","hentry"],"_links":{"self":[{"href":"https:\/\/www.villacasaripi.it\/de\/wp-json\/wp\/v2\/pages\/2844","targetHints":{"allow":["GET"]}}],"collection":[{"href":"https:\/\/www.villacasaripi.it\/de\/wp-json\/wp\/v2\/pages"}],"about":[{"href":"https:\/\/www.villacasaripi.it\/de\/wp-json\/wp\/v2\/types\/page"}],"author":[{"embeddable":true,"href":"https:\/\/www.villacasaripi.it\/de\/wp-json\/wp\/v2\/users\/5"}],"replies":[{"embeddable":true,"href":"https:\/\/www.villacasaripi.it\/de\/wp-json\/wp\/v2\/comments?post=2844"}],"version-history":[{"count":21,"href":"https:\/\/www.villacasaripi.it\/de\/wp-json\/wp\/v2\/pages\/2844\/revisions"}],"predecessor-version":[{"id":43308,"href":"https:\/\/www.villacasaripi.it\/de\/wp-json\/wp\/v2\/pages\/2844\/revisions\/43308"}],"wp:attachment":[{"href":"https:\/\/www.villacasaripi.it\/de\/wp-json\/wp\/v2\/media?parent=2844"}],"curies":[{"name":"wp","href":"https:\/\/api.w.org\/{rel}","templated":true}]}}